{"id":141,"date":"2015-06-01T13:31:13","date_gmt":"2015-06-01T13:31:13","guid":{"rendered":"https:\/\/jardimdasarteseletras.pt\/beta\/?page_id=141"},"modified":"2025-08-15T22:36:55","modified_gmt":"2025-08-15T22:36:55","slug":"contactos","status":"publish","type":"page","link":"https:\/\/jardimdasarteseletras.pt\/en\/contactos\/","title":{"rendered":"Contactos"},"content":{"rendered":"<p><strong>SEDE<\/strong><br \/>\nRua Senhora da Boa Morte, 18<br \/>\n3500 &#8211; 197 VISEU<br \/>\nPORTUGAL<\/p>\n<p><strong>CONTACTOS<\/strong><br \/>\nComunica\u00e7\u00e3o e imprensa<br \/>\nCarolina Vicente | carolinavicente.jal@gmail.com<\/p>\n<p>Dire\u00e7\u00e3o e programa\u00e7\u00e3o<br \/>\nSandra Oliveira | sandra.silvaeoliveira@gmail.com<\/p>\n<p>Media\u00e7\u00e3o<br \/>\nAna Sampaio | anasampaio.jardinsefemeros@gmail.com<\/p>\n<p>&nbsp;<\/p>","protected":false},"excerpt":{"rendered":"<p>SEDE Rua Senhora da Boa Morte, 18 3500 &#8211; 197 VISEU PORTUGAL CONTACTOS Comunica\u00e7\u00e3o e imprensa Carolina Vicente | carolinavicente.jal@gmail.com Dire\u00e7\u00e3o e programa\u00e7\u00e3o Sandra Oliveira | sandra.silvaeoliveira@gmail.com Media\u00e7\u00e3o Ana Sampaio | anasampaio.jardinsefemeros@gmail.com &nbsp;<\/p>","protected":false},"author":1,"featured_media":4315,"parent":0,"menu_order":18,"comment_status":"open","ping_status":"open","template":"page-contactos.php","meta":{"_acf_changed":false,"footnotes":""},"class_list":["post-141","page","type-page","status-publish","has-post-thumbnail","hentry"],"acf":[],"_links":{"self":[{"href":"https:\/\/jardimdasarteseletras.pt\/en\/wp-json\/wp\/v2\/pages\/141","targetHints":{"allow":["GET"]}}],"collection":[{"href":"https:\/\/jardimdasarteseletras.pt\/en\/wp-json\/wp\/v2\/pages"}],"about":[{"href":"https:\/\/jardimdasarteseletras.pt\/en\/wp-json\/wp\/v2\/types\/page"}],"author":[{"embeddable":true,"href":"https:\/\/jardimdasarteseletras.pt\/en\/wp-json\/wp\/v2\/users\/1"}],"replies":[{"embeddable":true,"href":"https:\/\/jardimdasarteseletras.pt\/en\/wp-json\/wp\/v2\/comments?post=141"}],"version-history":[{"count":36,"href":"https:\/\/jardimdasarteseletras.pt\/en\/wp-json\/wp\/v2\/pages\/141\/revisions"}],"predecessor-version":[{"id":4542,"href":"https:\/\/jardimdasarteseletras.pt\/en\/wp-json\/wp\/v2\/pages\/141\/revisions\/4542"}],"wp:featuredmedia":[{"embeddable":true,"href":"https:\/\/jardimdasarteseletras.pt\/en\/wp-json\/wp\/v2\/media\/4315"}],"wp:attachment":[{"href":"https:\/\/jardimdasarteseletras.pt\/en\/wp-json\/wp\/v2\/media?parent=141"}],"curies":[{"name":"wp","href":"https:\/\/api.w.org\/{rel}","templated":true}]}}