{"id":4503,"date":"2025-08-11T23:01:32","date_gmt":"2025-08-11T23:01:32","guid":{"rendered":"https:\/\/jardimdasarteseletras.pt\/?page_id=4503"},"modified":"2025-08-14T11:03:24","modified_gmt":"2025-08-14T11:03:24","slug":"sobre","status":"publish","type":"page","link":"https:\/\/jardimdasarteseletras.pt\/en\/sobre\/","title":{"rendered":"About"},"content":{"rendered":"<p>A Mata do Serrado, em Viseu vai ganhar nova vida com o\u00a0<strong>Jardim das Artes e das Letras (JAL)<\/strong>\u00a0\u2013 um encontro art\u00edstico e cultural aberto e gratuito entre livros, m\u00fasica, cinema, oficinas, percursos art\u00edsticos, performances, jornais de todo o mundo, restaurantes de degusta\u00e7\u00e3o e muito mais.<\/p>\n<p>Este \u00e9 um projeto que nasce para aproximar as pessoas da arte e da cultura, num espa\u00e7o verde e cheio de \u00e1rvores centen\u00e1rias, onde se pode estar tranquilamente a ler, a conversar, fruir de atividades art\u00edsticas, ou at\u00e9 escutar a natureza.<\/p>\n<p>O JAL disponibilizar\u00e1\u00a0equipamentos l\u00fadicos\u00a0e\u00a0programa\u00a0para que a Mata do\u00a0Serrado\u00a0possa ser um lugar de encontros intergeracionais, acess\u00edvel, que reutiliza materiais, que evita o pl\u00e1stico, que \u00e9 para todos os bolsos, porque aqui o acesso \u00e9 livre.<\/p>\n<p>O JAL desafiou artistas e formadores que, a partir dos livros\u00a0<em>Tisanas\u00a0<\/em>de Ana Hatherly e\u00a0<em>Toranja\u00a0<\/em>de Yoko Ono, pudessem criar obras que tivessem como base a imagina\u00e7\u00e3o e as instru\u00e7\u00f5es que ambos os livros convocam.<\/p>\n<p>Entendemos que num mundo polarizado, ter tempo para imaginar, criar,\u00a0ler, pensar \u00e9 um bem essencial que se est\u00e1 a tornar cada vez mais escasso, mas t\u00e3o necess\u00e1rio para o equil\u00edbrio mental e relacional das comunidades.<\/p>\n<p>JAL pretende ser um contributo para o contraponto \u00e0 velocidade digital da vida contempor\u00e2nea convocando com calma e empatia a popula\u00e7\u00e3o para a frui\u00e7\u00e3o e participa\u00e7\u00e3o nas atividades que propomos.<\/p>\n<p>O JAL traz uma\u00a0<strong>feira do livro especial<\/strong>, dedicada ao pensamento, \u00e0 arte e \u00e0 inf\u00e2ncia, com editoras e livrarias de refer\u00eancia, livros raros e em segunda m\u00e3o, e zonas de leitura para quem prefere simplesmente folhear. Haver\u00e1 ainda uma\u00a0<strong>biblioteca com livros pop-up<\/strong>,\u00a0<strong>poesia e de arte, debates com autores e artistas e jovens ativistas, oficinas criativas, percursos na mata, concertos, cinema ao ar livre<\/strong>\u00a0(parceria com o Cineclube de Viseu) e at\u00e9 uma parceria com a Tate Gallery para 3 sess\u00f5es de curtas-metragens de arte criadas para os p\u00fablicos mais\u00a0jovens.<\/p>\n<p>Estamos empenhados para que a comunidade de Viseu e para quem nos visita possam, durante estes 9 dias e atrav\u00e9s da arte se relacionarem de uma forma pr\u00f3xima, simples, emp\u00e1tica e que lhes permita desligarem-se das redes sociais e viver experi\u00eancias na floresta, quer mundo real quer num mundo imaginado por cada um de n\u00f3s. Juntos.<\/p>","protected":false},"excerpt":{"rendered":"<p>A Mata do Serrado, em Viseu vai ganhar nova vida com o\u00a0Jardim das Artes e das Letras (JAL)\u00a0\u2013 um encontro art\u00edstico e cultural aberto e gratuito entre livros, m\u00fasica, cinema, oficinas, percursos art\u00edsticos, performances, jornais de todo o mundo, restaurantes de degusta\u00e7\u00e3o e muito mais. Este \u00e9 um projeto que nasce para aproximar as pessoas [&hellip;]<\/p>","protected":false},"author":10,"featured_media":4315,"parent":0,"menu_order":0,"comment_status":"closed","ping_status":"closed","template":"page-about.php","meta":{"_acf_changed":false,"footnotes":""},"class_list":["post-4503","page","type-page","status-publish","has-post-thumbnail","hentry"],"acf":[],"_links":{"self":[{"href":"https:\/\/jardimdasarteseletras.pt\/en\/wp-json\/wp\/v2\/pages\/4503","targetHints":{"allow":["GET"]}}],"collection":[{"href":"https:\/\/jardimdasarteseletras.pt\/en\/wp-json\/wp\/v2\/pages"}],"about":[{"href":"https:\/\/jardimdasarteseletras.pt\/en\/wp-json\/wp\/v2\/types\/page"}],"author":[{"embeddable":true,"href":"https:\/\/jardimdasarteseletras.pt\/en\/wp-json\/wp\/v2\/users\/10"}],"replies":[{"embeddable":true,"href":"https:\/\/jardimdasarteseletras.pt\/en\/wp-json\/wp\/v2\/comments?post=4503"}],"version-history":[{"count":6,"href":"https:\/\/jardimdasarteseletras.pt\/en\/wp-json\/wp\/v2\/pages\/4503\/revisions"}],"predecessor-version":[{"id":4532,"href":"https:\/\/jardimdasarteseletras.pt\/en\/wp-json\/wp\/v2\/pages\/4503\/revisions\/4532"}],"wp:featuredmedia":[{"embeddable":true,"href":"https:\/\/jardimdasarteseletras.pt\/en\/wp-json\/wp\/v2\/media\/4315"}],"wp:attachment":[{"href":"https:\/\/jardimdasarteseletras.pt\/en\/wp-json\/wp\/v2\/media?parent=4503"}],"curies":[{"name":"wp","href":"https:\/\/api.w.org\/{rel}","templated":true}]}}